{"id":1186,"date":"2025-01-22T13:36:51","date_gmt":"2025-01-22T18:36:51","guid":{"rendered":"https:\/\/paolaserrano.com\/amenities\/"},"modified":"2026-02-06T17:33:32","modified_gmt":"2026-02-06T22:33:32","slug":"nuestros-servicios","status":"publish","type":"page","link":"https:\/\/paolaserrano.com\/en\/nuestros-servicios\/","title":{"rendered":"Nuestros servicios"},"content":{"rendered":"<div data-elementor-type=\"wp-post\" data-elementor-id=\"1186\" class=\"elementor elementor-1186\">\n\t\t\t\t<div class=\"elementor-element elementor-element-1eed5a7 e-flex e-con-boxed wpr-particle-no wpr-jarallax-no wpr-parallax-no wpr-sticky-section-no e-con e-parent\" data-id=\"1eed5a7\" data-element_type=\"container\" data-settings=\"{&quot;background_background&quot;:&quot;classic&quot;}\">\n\t\t\t\t\t<div class=\"e-con-inner\">\n\t\t<div class=\"elementor-element elementor-element-1f55a68 e-con-full e-flex wpr-particle-no wpr-jarallax-no wpr-parallax-no wpr-sticky-section-no e-con e-child\" data-id=\"1f55a68\" data-element_type=\"container\">\n\t\t\t\t<\/div>\n\t\t\t\t\t<\/div>\n\t\t\t\t<\/div>\n\t\t<div class=\"elementor-element elementor-element-9abc2f1 e-flex e-con-boxed wpr-particle-no wpr-jarallax-no wpr-parallax-no wpr-sticky-section-no e-con e-parent\" data-id=\"9abc2f1\" data-element_type=\"container\">\n\t\t\t\t\t<div class=\"e-con-inner\">\n\t\t\t\t<div class=\"elementor-element elementor-element-adb4214 elementor-widget elementor-widget-heading\" data-id=\"adb4214\" data-element_type=\"widget\" data-widget_type=\"heading.default\">\n\t\t\t\t<div class=\"elementor-widget-container\">\n\t\t\t\t\t<h2 class=\"elementor-heading-title elementor-size-default\">Consulting Services<\/h2>\t\t\t\t<\/div>\n\t\t\t\t<\/div>\n\t\t\t\t\t<\/div>\n\t\t\t\t<\/div>\n\t\t<div class=\"elementor-element elementor-element-5a7cdd7 e-flex e-con-boxed wpr-particle-no wpr-jarallax-no wpr-parallax-no wpr-sticky-section-no e-con e-parent\" data-id=\"5a7cdd7\" data-element_type=\"container\">\n\t\t\t\t\t<div class=\"e-con-inner\">\n\t\t\t\t<div class=\"elementor-element elementor-element-486f7d4 elementor-widget elementor-widget-text-editor\" data-id=\"486f7d4\" data-element_type=\"widget\" data-widget_type=\"text-editor.default\">\n\t\t\t\t<div class=\"elementor-widget-container\">\n\t\t\t\t\t\t\t\t\t<p style=\"text-align: center;\">Each program is unique because your organization is. I don\u2019t apply generic formulas: I design customized transformation architectures that respect your context, challenges, and culture. I work with you, not for you.<\/p>\t\t\t\t\t\t\t\t<\/div>\n\t\t\t\t<\/div>\n\t\t\t\t\t<\/div>\n\t\t\t\t<\/div>\n\t\t\t\t<section class=\"elementor-section elementor-top-section elementor-element elementor-element-qn5bgvd elementor-section-content-middle elementor-reverse-mobile elementor-section-boxed elementor-section-height-default elementor-section-height-default wpr-particle-no wpr-jarallax-no wpr-parallax-no wpr-sticky-section-no\" data-id=\"qn5bgvd\" data-element_type=\"section\" data-settings=\"{&quot;background_background&quot;:&quot;classic&quot;}\">\n\t\t\t\t\t\t\t<div class=\"elementor-background-overlay\"><\/div>\n\t\t\t\t\t\t\t<div class=\"elementor-container elementor-column-gap-default\">\n\t\t\t\t\t<footer class=\"elementor-column elementor-col-100 elementor-top-column elementor-element elementor-element-217dcf5\" data-id=\"217dcf5\" data-element_type=\"column\">\n\t\t\t<div class=\"elementor-widget-wrap elementor-element-populated\">\n\t\t\t\t\t\t<div class=\"elementor-element elementor-element-f4d1248 elementor-widget elementor-widget-heading\" data-id=\"f4d1248\" data-element_type=\"widget\" data-widget_type=\"heading.default\">\n\t\t\t\t<div class=\"elementor-widget-container\">\n\t\t\t\t\t<h2 class=\"elementor-heading-title elementor-size-default\">Systemic Process Intelligence<\/h2>\t\t\t\t<\/div>\n\t\t\t\t<\/div>\n\t\t\t\t<div class=\"elementor-element elementor-element-3ba512b elementor-widget-divider--view-line_icon elementor-view-default elementor-widget-divider--element-align-center elementor-widget elementor-widget-divider\" data-id=\"3ba512b\" data-element_type=\"widget\" data-widget_type=\"divider.default\">\n\t\t\t\t<div class=\"elementor-widget-container\">\n\t\t\t\t\t\t\t<div class=\"elementor-divider\">\n\t\t\t<span class=\"elementor-divider-separator\">\n\t\t\t\t\t\t\t<div class=\"elementor-icon elementor-divider__element\">\n\t\t\t\t\t<\/div>\n\t\t\t\t\t\t<\/span>\n\t\t<\/div>\n\t\t\t\t\t\t<\/div>\n\t\t\t\t<\/div>\n\t\t\t\t<div class=\"elementor-element elementor-element-980e24a elementor-widget elementor-widget-text-editor\" data-id=\"980e24a\" data-element_type=\"widget\" data-widget_type=\"text-editor.default\">\n\t\t\t\t<div class=\"elementor-widget-container\">\n\t\t\t\t\t\t\t\t\t<p style=\"text-align: center;\" data-start=\"353\" data-end=\"450\"><strong>Transforming processes into intelligent systems that connect people, data, and purpose.<\/strong><\/p><p data-start=\"774\" data-end=\"788\">Reengineering fragmented processes into intelligent systems where information, teams, and technology flow naturally. I integrate Business Intelligence, data analytics, and change management to break organizational silos and create adaptive operations that evolve with your business.<\/p><p style=\"text-align: center;\"><strong>Focus:<\/strong><\/p><p>- Mapping and reengineering of operational workflows<\/p><p>- Integration of AI and automation aligned with organizational culture<\/p><p>- Data architecture and dashboards for strategic decision-making<\/p><p>- Cross-functional collaboration frameworks<\/p><p style=\"text-align: center;\"><strong>Key benefits:<\/strong>Agile operations that connect people, data, and purpose. Significant time reduction. Decisions supported by intelligence rather than intuition. Measurable and sustainable transformation.<\/p>\t\t\t\t\t\t\t\t<\/div>\n\t\t\t\t<\/div>\n\t\t\t\t\t<\/div>\n\t\t<\/footer>\n\t\t\t\t\t<\/div>\n\t\t<\/section>\n\t\t\t\t<section class=\"elementor-section elementor-top-section elementor-element elementor-element-42bed59 elementor-section-content-middle elementor-reverse-mobile elementor-section-boxed elementor-section-height-default elementor-section-height-default wpr-particle-no wpr-jarallax-no wpr-parallax-no wpr-sticky-section-no\" data-id=\"42bed59\" data-element_type=\"section\" data-settings=\"{&quot;background_background&quot;:&quot;classic&quot;}\">\n\t\t\t\t\t\t\t<div class=\"elementor-background-overlay\"><\/div>\n\t\t\t\t\t\t\t<div class=\"elementor-container elementor-column-gap-default\">\n\t\t\t\t\t<footer class=\"elementor-column elementor-col-100 elementor-top-column elementor-element elementor-element-1c21ee4\" data-id=\"1c21ee4\" data-element_type=\"column\">\n\t\t\t<div class=\"elementor-widget-wrap elementor-element-populated\">\n\t\t\t\t\t\t<div class=\"elementor-element elementor-element-2a60c3d elementor-widget elementor-widget-heading\" data-id=\"2a60c3d\" data-element_type=\"widget\" data-widget_type=\"heading.default\">\n\t\t\t\t<div class=\"elementor-widget-container\">\n\t\t\t\t\t<h2 class=\"elementor-heading-title elementor-size-default\">Transformation Program &amp; Project Management<\/h2>\t\t\t\t<\/div>\n\t\t\t\t<\/div>\n\t\t\t\t<div class=\"elementor-element elementor-element-fdf02e1 elementor-widget-divider--view-line_icon elementor-view-default elementor-widget-divider--element-align-center elementor-widget elementor-widget-divider\" data-id=\"fdf02e1\" data-element_type=\"widget\" data-widget_type=\"divider.default\">\n\t\t\t\t<div class=\"elementor-widget-container\">\n\t\t\t\t\t\t\t<div class=\"elementor-divider\">\n\t\t\t<span class=\"elementor-divider-separator\">\n\t\t\t\t\t\t\t<div class=\"elementor-icon elementor-divider__element\">\n\t\t\t\t\t<\/div>\n\t\t\t\t\t\t<\/span>\n\t\t<\/div>\n\t\t\t\t\t\t<\/div>\n\t\t\t\t<\/div>\n\t\t\t\t<div class=\"elementor-element elementor-element-1f30159 elementor-widget elementor-widget-text-editor\" data-id=\"1f30159\" data-element_type=\"widget\" data-widget_type=\"text-editor.default\">\n\t\t\t\t<div class=\"elementor-widget-container\">\n\t\t\t\t\t\t\t\t\t<p data-start=\"469\" data-end=\"835\">I lead complex programs and projects in high-uncertainty environments by combining strategic management, operational resilience, and adaptive leadership. I coordinate global cross-functional teams, manage risks proactively, and support IT teams to ensure objectives are achieved.<\/p><p><strong>Focus:<\/strong><\/p><p>- End-to-end program architecture (from strategy to execution)<\/p><p>- Anticipatory risk management, not reactive<\/p><p>- Synchronization of multicultural and distributed teams<\/p><p>- Monitoring audits and continuous adjustment<\/p><p><strong>Key Benefits: <\/strong>Programs that adapt without losing direction. Teams empowered for autonomous decision-making. Risk turned into competitive advantage. Delivery with lasting impact and sustained support.<\/p>\t\t\t\t\t\t\t\t<\/div>\n\t\t\t\t<\/div>\n\t\t\t\t\t<\/div>\n\t\t<\/footer>\n\t\t\t\t\t<\/div>\n\t\t<\/section>\n\t\t\t\t<section class=\"elementor-section elementor-top-section elementor-element elementor-element-808ad89 elementor-section-content-middle elementor-reverse-mobile elementor-section-boxed elementor-section-height-default elementor-section-height-default wpr-particle-no wpr-jarallax-no wpr-parallax-no wpr-sticky-section-no\" data-id=\"808ad89\" data-element_type=\"section\" data-settings=\"{&quot;background_background&quot;:&quot;classic&quot;}\">\n\t\t\t\t\t\t\t<div class=\"elementor-background-overlay\"><\/div>\n\t\t\t\t\t\t\t<div class=\"elementor-container elementor-column-gap-default\">\n\t\t\t\t\t<footer class=\"elementor-column elementor-col-100 elementor-top-column elementor-element elementor-element-99fba39\" data-id=\"99fba39\" data-element_type=\"column\">\n\t\t\t<div class=\"elementor-widget-wrap elementor-element-populated\">\n\t\t\t\t\t\t<div class=\"elementor-element elementor-element-0af1008 elementor-widget elementor-widget-heading\" data-id=\"0af1008\" data-element_type=\"widget\" data-widget_type=\"heading.default\">\n\t\t\t\t<div class=\"elementor-widget-container\">\n\t\t\t\t\t<h2 class=\"elementor-heading-title elementor-size-default\">Leadership Ecosystems for society 5.0<\/h2>\t\t\t\t<\/div>\n\t\t\t\t<\/div>\n\t\t\t\t<div class=\"elementor-element elementor-element-4bd0f09 elementor-widget-divider--view-line_icon elementor-view-default elementor-widget-divider--element-align-center elementor-widget elementor-widget-divider\" data-id=\"4bd0f09\" data-element_type=\"widget\" data-widget_type=\"divider.default\">\n\t\t\t\t<div class=\"elementor-widget-container\">\n\t\t\t\t\t\t\t<div class=\"elementor-divider\">\n\t\t\t<span class=\"elementor-divider-separator\">\n\t\t\t\t\t\t\t<div class=\"elementor-icon elementor-divider__element\">\n\t\t\t\t\t<\/div>\n\t\t\t\t\t\t<\/span>\n\t\t<\/div>\n\t\t\t\t\t\t<\/div>\n\t\t\t\t<\/div>\n\t\t\t\t<div class=\"elementor-element elementor-element-c6f4a90 elementor-widget elementor-widget-text-editor\" data-id=\"c6f4a90\" data-element_type=\"widget\" data-widget_type=\"text-editor.default\">\n\t\t\t\t<div class=\"elementor-widget-container\">\n\t\t\t\t\t\t\t\t\t<p data-start=\"445\" data-end=\"545\"><strong>Cultures where technology and humanity co-evolve<\/strong><\/p><p>I structure leadership systems for organizations seeking to integrate technological advancement with human flourishing. I combine my experience at Expo Osaka 2025 and training from Harvard to create cultures of innovation aligned with social purpose, environmental responsibility, and organizational sustainability.<\/p><p><strong>Focus:<\/strong>\u00a0<\/p><p>- Leadership grounded in technological humanism<\/p><p>- Systems thinking for organizational evolution<\/p><p>- Multicultural collaboration frameworks (remote\/hybrid)<\/p><p>- Alignment with the UN SDGs and Society 5.0 principles<\/p><p><strong>Key Benefits: <\/strong>Leaders who inspire authentic transformation. Cultures where innovation is a shared responsibility. Technology that amplifies human judgment. A legacy beyond financial results.<\/p>\t\t\t\t\t\t\t\t<\/div>\n\t\t\t\t<\/div>\n\t\t\t\t\t<\/div>\n\t\t<\/footer>\n\t\t\t\t\t<\/div>\n\t\t<\/section>\n\t\t\t\t<section class=\"elementor-section elementor-top-section elementor-element elementor-element-fdca1b0 elementor-section-content-middle elementor-reverse-mobile elementor-section-boxed elementor-section-height-default elementor-section-height-default wpr-particle-no wpr-jarallax-no wpr-parallax-no wpr-sticky-section-no\" data-id=\"fdca1b0\" data-element_type=\"section\" data-settings=\"{&quot;background_background&quot;:&quot;classic&quot;}\">\n\t\t\t\t\t\t\t<div class=\"elementor-background-overlay\"><\/div>\n\t\t\t\t\t\t\t<div class=\"elementor-container elementor-column-gap-default\">\n\t\t\t\t\t<footer class=\"elementor-column elementor-col-100 elementor-top-column elementor-element elementor-element-7c41fe1\" data-id=\"7c41fe1\" data-element_type=\"column\">\n\t\t\t<div class=\"elementor-widget-wrap elementor-element-populated\">\n\t\t\t\t\t\t<div class=\"elementor-element elementor-element-6861e05 elementor-widget elementor-widget-heading\" data-id=\"6861e05\" data-element_type=\"widget\" data-widget_type=\"heading.default\">\n\t\t\t\t<div class=\"elementor-widget-container\">\n\t\t\t\t\t<h2 class=\"elementor-heading-title elementor-size-default\">Transition Architecture<\/h2>\t\t\t\t<\/div>\n\t\t\t\t<\/div>\n\t\t\t\t<div class=\"elementor-element elementor-element-fcb3835 elementor-widget-divider--view-line_icon elementor-view-default elementor-widget-divider--element-align-center elementor-widget elementor-widget-divider\" data-id=\"fcb3835\" data-element_type=\"widget\" data-widget_type=\"divider.default\">\n\t\t\t\t<div class=\"elementor-widget-container\">\n\t\t\t\t\t\t\t<div class=\"elementor-divider\">\n\t\t\t<span class=\"elementor-divider-separator\">\n\t\t\t\t\t\t\t<div class=\"elementor-icon elementor-divider__element\">\n\t\t\t\t\t<\/div>\n\t\t\t\t\t\t<\/span>\n\t\t<\/div>\n\t\t\t\t\t\t<\/div>\n\t\t\t\t<\/div>\n\t\t\t\t<div class=\"elementor-element elementor-element-5130bb8 elementor-widget elementor-widget-text-editor\" data-id=\"5130bb8\" data-element_type=\"widget\" data-widget_type=\"text-editor.default\">\n\t\t\t\t<div class=\"elementor-widget-container\">\n\t\t\t\t\t\t\t\t\t<p data-start=\"379\" data-end=\"454\"><strong data-start=\"379\" data-end=\"452\">Migration is not just about changing location, but about transforming through the process.<\/strong><\/p><p class=\"font-claude-response-body break-words whitespace-normal leading-[1.7]\">I manage complex organizational transitions: data migrations, restructurings, global expansion, or business model evolution. I structure the process with engineering rigor and cultural sensitivity, creating clear roadmaps that minimize risk and ensure operational continuity.<\/p><p class=\"font-claude-response-body break-words whitespace-normal leading-[1.7]\">Having navigated my own international migration experience, I deeply understand the human dimension of change. I support organizations as well as teams and individuals in transition, because successful change integrates the technical with the human.<\/p><p><strong>Focus:<\/strong><\/p><p>- Integration architecture (people, processes, systems)<\/p><p>- Phased roadmaps with measurable milestones<\/p><p>- Scenario-based risk management<\/p><p>- Support for teams in cultural and operational adaptation<\/p><p><strong>Key Benefits: <\/strong>Predictable transitions with realistic timelines. Migrations with minimal operational disruption. Change that preserves institutional knowledge while enabling evolution. Sustained technical and human support.<\/p><p data-start=\"1765\" data-end=\"1862\">\u00a0<\/p>\t\t\t\t\t\t\t\t<\/div>\n\t\t\t\t<\/div>\n\t\t\t\t\t<\/div>\n\t\t<\/footer>\n\t\t\t\t\t<\/div>\n\t\t<\/section>\n\t\t\t\t<section class=\"elementor-section elementor-top-section elementor-element elementor-element-7f8d5a1 elementor-section-height-min-height elementor-section-boxed elementor-section-height-default elementor-section-items-middle wpr-particle-no wpr-jarallax-no wpr-parallax-no wpr-sticky-section-no\" data-id=\"7f8d5a1\" data-element_type=\"section\" data-settings=\"{&quot;background_background&quot;:&quot;classic&quot;}\">\n\t\t\t\t\t\t\t<div class=\"elementor-background-overlay\"><\/div>\n\t\t\t\t\t\t\t<div class=\"elementor-container elementor-column-gap-default\">\n\t\t\t\t\t<div class=\"elementor-column elementor-col-100 elementor-top-column elementor-element elementor-element-dd0abb3 elementor-invisible\" data-id=\"dd0abb3\" data-element_type=\"column\" data-settings=\"{&quot;animation&quot;:&quot;zoomIn&quot;}\">\n\t\t\t<div class=\"elementor-widget-wrap elementor-element-populated\">\n\t\t\t\t\t\t<div class=\"elementor-element elementor-element-c7d2dac elementor-widget elementor-widget-heading\" data-id=\"c7d2dac\" data-element_type=\"widget\" data-widget_type=\"heading.default\">\n\t\t\t\t<div class=\"elementor-widget-container\">\n\t\t\t\t\t<h2 class=\"elementor-heading-title elementor-size-default\">DO YOU HAVE AN IDEA IN MIND OR NEED ADVICE?<\/h2>\t\t\t\t<\/div>\n\t\t\t\t<\/div>\n\t\t\t\t<div class=\"elementor-element elementor-element-88e0cef elementor-mobile-align-center elementor-align-center elementor-widget elementor-widget-button\" data-id=\"88e0cef\" data-element_type=\"widget\" data-widget_type=\"button.default\">\n\t\t\t\t<div class=\"elementor-widget-container\">\n\t\t\t\t\t\t\t\t\t<div class=\"elementor-button-wrapper\">\n\t\t\t\t\t<a class=\"elementor-button elementor-button-link elementor-size-sm\" href=\"https:\/\/paolaserrano.com\/en\/contacto\/\">\n\t\t\t\t\t\t<span class=\"elementor-button-content-wrapper\">\n\t\t\t\t\t\t<span class=\"elementor-button-icon\">\n\t\t\t\t<svg aria-hidden=\"true\" class=\"e-font-icon-svg e-fas-long-arrow-alt-right\" viewbox=\"0 0 448 512\" xmlns=\"http:\/\/www.w3.org\/2000\/svg\"><path d=\"M313.941 216H12c-6.627 0-12 5.373-12 12v56c0 6.627 5.373 12 12 12h301.941v46.059c0 21.382 25.851 32.09 40.971 16.971l86.059-86.059c9.373-9.373 9.373-24.569 0-33.941l-86.059-86.059c-15.119-15.119-40.971-4.411-40.971 16.971V216z\"><\/path><\/svg>\t\t\t<\/span>\n\t\t\t\t\t\t\t\t\t<span class=\"elementor-button-text\">Contact me<\/span>\n\t\t\t\t\t<\/span>\n\t\t\t\t\t<\/a>\n\t\t\t\t<\/div>\n\t\t\t\t\t\t\t\t<\/div>\n\t\t\t\t<\/div>\n\t\t\t\t\t<\/div>\n\t\t<\/div>\n\t\t\t\t\t<\/div>\n\t\t<\/section>\n\t\t<div class=\"elementor-element elementor-element-d864095 e-flex e-con-boxed wpr-particle-no wpr-jarallax-no wpr-parallax-no wpr-sticky-section-no e-con e-parent\" data-id=\"d864095\" data-element_type=\"container\">\n\t\t\t\t\t<div class=\"e-con-inner\">\n\t\t\t\t\t<\/div>\n\t\t\t\t<\/div>\n\t\t\t\t<\/div>","protected":false},"excerpt":{"rendered":"<p>Servicios de Consultor\u00eda Cada programa es \u00fanico porque tu organizaci\u00f3n lo es. No aplico f\u00f3rmulas gen\u00e9ricas: dise\u00f1o arquitecturas de transformaci\u00f3n personalizadas que respetan tu contexto, desaf\u00edos y cultura. Trabajo contigo, no para ti. Inteligencia Sist\u00e9mica de Procesos Transformar los procesos en sistemas inteligentes que conectan personas, datos y prop\u00f3sito. Reingenier\u00eda de procesos fragmentados en sistemas inteligentes donde informaci\u00f3n, equipos y tecnolog\u00eda fluyen naturalmente. Integro Business Intelligence, anal\u00edtica de datos y gesti\u00f3n del cambio para romper silos organizacionales y crear operaciones adaptativas que evolucionan con tu negocio. Enfoque: &#8211; Mapeo y reingenier\u00eda de flujos operacionales. &#8211; Integraci\u00f3n de IA y automatizaci\u00f3n alineada con cultura organizacional &#8211; Arquitectura de datos y dashboards para decisiones estrat\u00e9gicas &#8211; Marcos de colaboraci\u00f3n interfuncional Beneficios clave: Operaciones \u00e1giles que conectan personas, datos y prop\u00f3sito. Reducci\u00f3n significativa en tiempos. Decisiones respaldadas por inteligencia, no intuici\u00f3n. Transformaci\u00f3n medible y sostenible. Gesti\u00f3n de Proyectos y Programas de transformaci\u00f3n Lidero programas y proyectos complejos en entornos de alta incertidumbre combinando gesti\u00f3n estrat\u00e9gica, resiliencia operacional y liderazgo adaptativo. Coordino equipos interfuncionales globales, gestiono riesgos de forma proactiva y acompa\u00f1o equipos IT para asegurar cumplimiento de objetivos. Enfoqe: &#8211; Arquitectura de programa end-to-end (estrategia a ejecuci\u00f3n) &#8211; Gesti\u00f3n de riesgos anticipatoria, no reactiva &#8211; Sincronizaci\u00f3n de equipos multiculturales y distribuidos &#8211; Auditor\u00edas de seguimiento y ajuste continuo Beneficios clave: Programas que se adaptan sin desviarse. Equipos empoderados para decisi\u00f3n aut\u00f3noma. Riesgo convertido en ventaja competitiva. Entrega con impacto duradero y acompa\u00f1amiento sostenido. Ecosistemas de liderazgo para society 5.0 Culturas donde tecnolog\u00eda y humanidad co-evolucionan Estructuro sistemas de liderazgo para organizaciones que buscan integrar avance tecnol\u00f3gico con florecimiento humano. Combino mi experiencia en Expo Osaka 2025 y formaci\u00f3n en Harvard para crear culturas de innovaci\u00f3n alineadas con prop\u00f3sito social, ambiental y sostenibilidad organizacional. Enfoque:\u00a0 &#8211; Liderazgo basado en humanismo tecnol\u00f3gico &#8211; Pensamiento sist\u00e9mico para evoluci\u00f3n organizacional &#8211; Frameworks de colaboraci\u00f3n multicultural (remoto\/h\u00edbrido) &#8211; Alineaci\u00f3n con ODS y principios Society 5.0 Beneficios clave: L\u00edderes que inspiran transformaci\u00f3n aut\u00e9ntica. Culturas donde innovar es responsabilidad compartida. Tecnolog\u00eda que amplifica juicio humano. Legado m\u00e1s all\u00e1 de resultados financieros. Arquitectura de Transici\u00f3n Migrar no es solo cambiar de lugar, sino transformarse en el proceso. Gestiono transiciones organizacionales complejas: migraciones de datos, reestructuraciones, expansi\u00f3n global o evoluci\u00f3n de modelo de negocio. Estructuro el proceso con rigor ingenieril y sensibilidad cultural, creando roadmaps claros que minimizan riesgo y aseguran continuidad operativa. Habiendo navegado mi propia experiencia migratoria internacional, comprendo profundamente el aspecto humano del cambio. Acompa\u00f1o tanto a organizaciones como a equipos y personas en transici\u00f3n, porque s\u00e9 que el cambio exitoso integra lo t\u00e9cnico con lo humano. Enfoque: &#8211; Arquitectura de integraci\u00f3n (personas, procesos, sistemas) &#8211; Roadmaps por fases con hitos medibles -Gesti\u00f3n de riesgos basada en an\u00e1lisis de escenarios -Acompa\u00f1amiento a equipos en adaptaci\u00f3n cultural y operativa Beneficios clave: Transiciones predecibles con cronogramas realistas. Migraciones con m\u00ednima disrupci\u00f3n operativa. Cambio que preserva conocimiento institucional mientras habilita evoluci\u00f3n. Acompa\u00f1amiento t\u00e9cnico y humano sostenido. \u00a0 \u00bfTIENES UNA IDEA EN MENTE O NECESITAS ASESOR\u00cdA? Cont\u00e1ctame<\/p>","protected":false},"author":1,"featured_media":0,"parent":0,"menu_order":0,"comment_status":"closed","ping_status":"closed","template":"","meta":{"site-sidebar-layout":"no-sidebar","site-content-layout":"page-builder","ast-site-content-layout":"","site-content-style":"default","site-sidebar-style":"default","ast-global-header-display":"","ast-banner-title-visibility":"","ast-main-header-display":"","ast-hfb-above-header-display":"","ast-hfb-below-header-display":"","ast-hfb-mobile-header-display":"","site-post-title":"disabled","ast-breadcrumbs-content":"","ast-featured-img":"disabled","footer-sml-layout":"","theme-transparent-header-meta":"enabled","adv-header-id-meta":"","stick-header-meta":"","header-above-stick-meta":"","header-main-stick-meta":"","header-below-stick-meta":"","astra-migrate-meta-layouts":"default","ast-page-background-enabled":"default","ast-page-background-meta":{"desktop":{"background-color":"","background-image":"","background-repeat":"repeat","background-position":"center center","background-size":"auto","background-attachment":"scroll","background-type":"","background-media":"","overlay-type":"","overlay-color":"","overlay-opacity":"","overlay-gradient":""},"tablet":{"background-color":"","background-image":"","background-repeat":"repeat","background-position":"center center","background-size":"auto","background-attachment":"scroll","background-type":"","background-media":"","overlay-type":"","overlay-color":"","overlay-opacity":"","overlay-gradient":""},"mobile":{"background-color":"","background-image":"","background-repeat":"repeat","background-position":"center center","background-size":"auto","background-attachment":"scroll","background-type":"","background-media":"","overlay-type":"","overlay-color":"","overlay-opacity":"","overlay-gradient":""}},"ast-content-background-meta":{"desktop":{"background-color":"var(--ast-global-color-5)","background-image":"","background-repeat":"repeat","background-position":"center center","background-size":"auto","background-attachment":"scroll","background-type":"","background-media":"","overlay-type":"","overlay-color":"","overlay-opacity":"","overlay-gradient":""},"tablet":{"background-color":"var(--ast-global-color-5)","background-image":"","background-repeat":"repeat","background-position":"center center","background-size":"auto","background-attachment":"scroll","background-type":"","background-media":"","overlay-type":"","overlay-color":"","overlay-opacity":"","overlay-gradient":""},"mobile":{"background-color":"var(--ast-global-color-5)","background-image":"","background-repeat":"repeat","background-position":"center center","background-size":"auto","background-attachment":"scroll","background-type":"","background-media":"","overlay-type":"","overlay-color":"","overlay-opacity":"","overlay-gradient":""}},"footnotes":""},"class_list":["post-1186","page","type-page","status-publish","hentry"],"_links":{"self":[{"href":"https:\/\/paolaserrano.com\/en\/wp-json\/wp\/v2\/pages\/1186","targetHints":{"allow":["GET"]}}],"collection":[{"href":"https:\/\/paolaserrano.com\/en\/wp-json\/wp\/v2\/pages"}],"about":[{"href":"https:\/\/paolaserrano.com\/en\/wp-json\/wp\/v2\/types\/page"}],"author":[{"embeddable":true,"href":"https:\/\/paolaserrano.com\/en\/wp-json\/wp\/v2\/users\/1"}],"replies":[{"embeddable":true,"href":"https:\/\/paolaserrano.com\/en\/wp-json\/wp\/v2\/comments?post=1186"}],"version-history":[{"count":274,"href":"https:\/\/paolaserrano.com\/en\/wp-json\/wp\/v2\/pages\/1186\/revisions"}],"predecessor-version":[{"id":3524,"href":"https:\/\/paolaserrano.com\/en\/wp-json\/wp\/v2\/pages\/1186\/revisions\/3524"}],"wp:attachment":[{"href":"https:\/\/paolaserrano.com\/en\/wp-json\/wp\/v2\/media?parent=1186"}],"curies":[{"name":"wp","href":"https:\/\/api.w.org\/{rel}","templated":true}]}}