{"id":1184,"date":"2025-01-22T13:36:51","date_gmt":"2025-01-22T18:36:51","guid":{"rendered":"https:\/\/paolaserrano.com\/about-us\/"},"modified":"2026-02-06T17:32:58","modified_gmt":"2026-02-06T22:32:58","slug":"sobre-mi","status":"publish","type":"page","link":"https:\/\/paolaserrano.com\/en\/sobre-mi\/","title":{"rendered":"About me"},"content":{"rendered":"<div data-elementor-type=\"wp-post\" data-elementor-id=\"1184\" class=\"elementor elementor-1184\">\n\t\t\t\t<div class=\"elementor-element elementor-element-a77760e e-flex e-con-boxed wpr-particle-no wpr-jarallax-no wpr-parallax-no wpr-sticky-section-no e-con e-parent\" data-id=\"a77760e\" data-element_type=\"container\" data-settings=\"{&quot;background_background&quot;:&quot;classic&quot;}\">\n\t\t\t\t\t<div class=\"e-con-inner\">\n\t\t<div class=\"elementor-element elementor-element-c983c45 e-con-full e-flex wpr-particle-no wpr-jarallax-no wpr-parallax-no wpr-sticky-section-no e-con e-child\" data-id=\"c983c45\" data-element_type=\"container\">\n\t\t\t\t<\/div>\n\t\t\t\t\t<\/div>\n\t\t\t\t<\/div>\n\t\t<div class=\"elementor-element elementor-element-cb739e9 e-flex e-con-boxed wpr-particle-no wpr-jarallax-no wpr-parallax-no wpr-sticky-section-no e-con e-parent\" data-id=\"cb739e9\" data-element_type=\"container\" data-settings=\"{&quot;background_background&quot;:&quot;classic&quot;}\">\n\t\t\t\t\t<div class=\"e-con-inner\">\n\t\t<div class=\"elementor-element elementor-element-f497b0d e-con-full e-flex wpr-particle-no wpr-jarallax-no wpr-parallax-no wpr-sticky-section-no e-con e-child\" data-id=\"f497b0d\" data-element_type=\"container\">\n\t\t\t\t<div class=\"elementor-element elementor-element-8b208f6 elementor-widget elementor-widget-heading\" data-id=\"8b208f6\" data-element_type=\"widget\" data-widget_type=\"heading.default\">\n\t\t\t\t<div class=\"elementor-widget-container\">\n\t\t\t\t\t<h2 class=\"elementor-heading-title elementor-size-default\">WHERE TECHNOLOGY AND HUMANITY CONVERGE<\/h2>\t\t\t\t<\/div>\n\t\t\t\t<\/div>\n\t\t\t\t<div class=\"elementor-element elementor-element-4c259a6 elementor-widget elementor-widget-text-editor\" data-id=\"4c259a6\" data-element_type=\"widget\" data-widget_type=\"text-editor.default\">\n\t\t\t\t<div class=\"elementor-widget-container\">\n\t\t\t\t\t\t\t\t\t<p>I connect technology, data, and culture to transform organizations that don\u2019t just perform better \u2014 they become more human.<\/p>\t\t\t\t\t\t\t\t<\/div>\n\t\t\t\t<\/div>\n\t\t\t\t<\/div>\n\t\t\t\t\t<\/div>\n\t\t\t\t<\/div>\n\t\t\t\t<section class=\"elementor-section elementor-top-section elementor-element elementor-element-lq8cl4j elementor-section-content-middle elementor-section-boxed elementor-section-height-default elementor-section-height-default wpr-particle-no wpr-jarallax-no wpr-parallax-no wpr-sticky-section-no\" data-id=\"lq8cl4j\" data-element_type=\"section\" data-settings=\"{&quot;background_background&quot;:&quot;classic&quot;}\">\n\t\t\t\t\t\t<div class=\"elementor-container elementor-column-gap-no\">\n\t\t\t\t\t<div class=\"elementor-column elementor-col-50 elementor-top-column elementor-element elementor-element-258231d\" data-id=\"258231d\" data-element_type=\"column\">\n\t\t\t<div class=\"elementor-widget-wrap elementor-element-populated\">\n\t\t\t\t\t\t<div class=\"elementor-element elementor-element-1401102 elementor-widget elementor-widget-heading\" data-id=\"1401102\" data-element_type=\"widget\" data-widget_type=\"heading.default\">\n\t\t\t\t<div class=\"elementor-widget-container\">\n\t\t\t\t\t<h2 class=\"elementor-heading-title elementor-size-default\">ABOUT PAOLA<\/h2>\t\t\t\t<\/div>\n\t\t\t\t<\/div>\n\t\t\t\t<div class=\"elementor-element elementor-element-4f6265e elementor-widget elementor-widget-text-editor\" data-id=\"4f6265e\" data-element_type=\"widget\" data-widget_type=\"text-editor.default\">\n\t\t\t\t<div class=\"elementor-widget-container\">\n\t\t\t\t\t\t\t\t\t<p>Professional Engineer specialized in leading transformation programs that integrate process and systems reengineering, data analytics, and change management to build adaptive and sustainable organizations.<\/p><p>With over a decade of international experience across Colombia, Australia, and Japan, she has contributed to complex initiatives in industrial sectors, large-scale operations, hospitality, and global events\u2014understanding that the most complex organizational challenges are not technical, but systemic, cultural, and human.<\/p><p>Her approach combines engineering rigor with cultural intelligence. She does not simply design technological solutions; she leads end-to-end transformations\u2014from strategy to adoption\u2014ensuring each initiative delivers measurable and sustainable value.<\/p><p>In 2025, she was selected for the Co-Creation Challenge Team at Expo Osaka, Japan \u2014 the world\u2019s most influential innovation expo \u2014 contributing to Society 5.0 projects aligned with the United Nations Sustainable Development Goals.<\/p><p>She holds training in AI for Business and Remote Leadership from Harvard Business School, alongside studies in Project and Program Management, and Data Analytics and Business Intelligence for strategic decision-making.<\/p><p>Her purpose: to create futures where systems generate clarity, teams connect, and purpose scales.<\/p>\t\t\t\t\t\t\t\t<\/div>\n\t\t\t\t<\/div>\n\t\t\t\t<div class=\"elementor-element elementor-element-7a2d1e6 elementor-widget-divider--view-line elementor-widget elementor-widget-divider\" data-id=\"7a2d1e6\" data-element_type=\"widget\" data-widget_type=\"divider.default\">\n\t\t\t\t<div class=\"elementor-widget-container\">\n\t\t\t\t\t\t\t<div class=\"elementor-divider\">\n\t\t\t<span class=\"elementor-divider-separator\">\n\t\t\t\t\t\t<\/span>\n\t\t<\/div>\n\t\t\t\t\t\t<\/div>\n\t\t\t\t<\/div>\n\t\t\t\t\t<\/div>\n\t\t<\/div>\n\t\t\t\t<div class=\"elementor-column elementor-col-50 elementor-top-column elementor-element elementor-element-ca44c59\" data-id=\"ca44c59\" data-element_type=\"column\" data-settings=\"{&quot;background_background&quot;:&quot;classic&quot;}\">\n\t\t\t<div class=\"elementor-widget-wrap elementor-element-populated\">\n\t\t\t\t\t\t<div class=\"elementor-element elementor-element-7e01216 elementor-widget__width-initial elementor-widget elementor-widget-image\" data-id=\"7e01216\" data-element_type=\"widget\" data-widget_type=\"image.default\">\n\t\t\t\t<div class=\"elementor-widget-container\">\n\t\t\t\t\t\t\t\t\t\t\t\t\t\t\t<img fetchpriority=\"high\" decoding=\"async\" width=\"3635\" height=\"5452\" src=\"https:\/\/paolaserrano.com\/wp-content\/uploads\/2025\/02\/5.-Articulos-Lateral-Derecho.png\" class=\"attachment-full size-full wp-image-2515\" alt=\"\" srcset=\"https:\/\/paolaserrano.com\/wp-content\/uploads\/2025\/02\/5.-Articulos-Lateral-Derecho.png 3635w, https:\/\/paolaserrano.com\/wp-content\/uploads\/2025\/02\/5.-Articulos-Lateral-Derecho-200x300.png 200w, https:\/\/paolaserrano.com\/wp-content\/uploads\/2025\/02\/5.-Articulos-Lateral-Derecho-683x1024.png 683w, https:\/\/paolaserrano.com\/wp-content\/uploads\/2025\/02\/5.-Articulos-Lateral-Derecho-768x1152.png 768w, https:\/\/paolaserrano.com\/wp-content\/uploads\/2025\/02\/5.-Articulos-Lateral-Derecho-1024x1536.png 1024w, https:\/\/paolaserrano.com\/wp-content\/uploads\/2025\/02\/5.-Articulos-Lateral-Derecho-1365x2048.png 1365w, https:\/\/paolaserrano.com\/wp-content\/uploads\/2025\/02\/5.-Articulos-Lateral-Derecho-8x12.png 8w\" sizes=\"(max-width: 3635px) 100vw, 3635px\" \/>\t\t\t\t\t\t\t\t\t\t\t\t\t\t\t<\/div>\n\t\t\t\t<\/div>\n\t\t\t\t\t<\/div>\n\t\t<\/div>\n\t\t\t\t\t<\/div>\n\t\t<\/section>\n\t\t\t\t<section class=\"elementor-section elementor-top-section elementor-element elementor-element-5f5c008a1 elementor-section-boxed elementor-section-height-default elementor-section-height-default wpr-particle-no wpr-jarallax-no wpr-parallax-no wpr-sticky-section-no\" data-id=\"5f5c008a1\" data-element_type=\"section\" data-settings=\"{&quot;background_background&quot;:&quot;gradient&quot;}\">\n\t\t\t\t\t\t<div class=\"elementor-container elementor-column-gap-default\">\n\t\t\t\t\t<div class=\"elementor-column elementor-col-100 elementor-top-column elementor-element elementor-element-7df11859\" data-id=\"7df11859\" data-element_type=\"column\">\n\t\t\t<div class=\"elementor-widget-wrap elementor-element-populated\">\n\t\t\t\t\t\t<div class=\"elementor-element elementor-element-35b276b0 elementor-widget elementor-widget-heading\" data-id=\"35b276b0\" data-element_type=\"widget\" data-widget_type=\"heading.default\">\n\t\t\t\t<div class=\"elementor-widget-container\">\n\t\t\t\t\t<h2 class=\"elementor-heading-title elementor-size-default\">GLOBAL TRAJECTORY<\/h2>\t\t\t\t<\/div>\n\t\t\t\t<\/div>\n\t\t\t\t<div class=\"elementor-element elementor-element-5536cebb wpr-list-style-none elementor-widget elementor-widget-wpr-posts-timeline\" data-id=\"5536cebb\" data-element_type=\"widget\" data-settings=\"{&quot;swiper_speed&quot;:500}\" data-widget_type=\"wpr-posts-timeline.default\">\n\t\t\t\t<div class=\"elementor-widget-container\">\n\t\t\t\t\t<div class=\"wpr-timeline-outer-container\"><div class=\"wpr-wrapper swiper wpr-horizontal\" dir=\"\" data-slidestoshow = \"3\" data-autoplay=\"\" data-loop=\"\" data-swiper-speed=\"500\" data-swiper-delay=\"0\" data-swiper-poh=\"\" data-swiper-space-between=\"100\"><div class=\"swiper-wrapper wpr-horizontal-timeline\"><div class=\"swiper-slide swiper-slide-line-bottom  elementor-repeater-item-7da76b5\"><div class=\"wpr-extra-label\" ><span class=\"wpr-label\" >2010 - 2016<\/span><\/div><div class=\"wpr-main-line-icon wpr-icon\"><svg aria-hidden=\"true\" class=\"e-font-icon-svg e-far-lightbulb\" viewbox=\"0 0 352 512\" xmlns=\"http:\/\/www.w3.org\/2000\/svg\"><path d=\"M176 80c-52.94 0-96 43.06-96 96 0 8.84 7.16 16 16 16s16-7.16 16-16c0-35.3 28.72-64 64-64 8.84 0 16-7.16 16-16s-7.16-16-16-16zM96.06 459.17c0 3.15.93 6.22 2.68 8.84l24.51 36.84c2.97 4.46 7.97 7.14 13.32 7.14h78.85c5.36 0 10.36-2.68 13.32-7.14l24.51-36.84c1.74-2.62 2.67-5.7 2.68-8.84l.05-43.18H96.02l.04 43.18zM176 0C73.72 0 0 82.97 0 176c0 44.37 16.45 84.85 43.56 115.78 16.64 18.99 42.74 58.8 52.42 92.16v.06h48v-.12c-.01-4.77-.72-9.51-2.15-14.07-5.59-17.81-22.82-64.77-62.17-109.67-20.54-23.43-31.52-53.15-31.61-84.14-.2-73.64 59.67-128 127.95-128 70.58 0 128 57.42 128 128 0 30.97-11.24 60.85-31.65 84.14-39.11 44.61-56.42 91.47-62.1 109.46a47.507 47.507 0 0 0-2.22 14.3v.1h48v-.05c9.68-33.37 35.78-73.18 52.42-92.16C335.55 260.85 352 220.37 352 176 352 78.8 273.2 0 176 0z\"><\/path><\/svg><\/div><div class=\"wpr-story-info\"><div class=\"wpr-timeline-content-wrapper\"><div class=\"wpr-description\"><p>Developed capabilities in contract management, process analysis, and integrated risk management across public and private sectors. This stage strengthened her understanding of complex organizational structures, compliance, and operational reliability, laying the foundations of her systemic vision.<\/p><\/div><\/div><\/div><\/div><div class=\"swiper-slide swiper-slide-line-bottom  elementor-repeater-item-2a37755\"><div class=\"wpr-extra-label\" ><span class=\"wpr-label\" >2016-2019<\/span><\/div><div class=\"wpr-main-line-icon wpr-icon\"><svg aria-hidden=\"true\" class=\"e-font-icon-svg e-fas-pen\" viewbox=\"0 0 512 512\" xmlns=\"http:\/\/www.w3.org\/2000\/svg\"><path d=\"M290.74 93.24l128.02 128.02-277.99 277.99-114.14 12.6C11.35 513.54-1.56 500.62.14 485.34l12.7-114.22 277.9-277.88zm207.2-19.06l-60.11-60.11c-18.75-18.75-49.16-18.75-67.91 0l-56.55 56.55 128.02 128.02 56.55-56.55c18.75-18.76 18.75-49.16 0-67.91z\"><\/path><\/svg><\/div><div class=\"wpr-story-info\"><div class=\"wpr-timeline-content-wrapper\"><div class=\"wpr-description\"><p>As an Industrial Engineer, she led operations and projects for multinational companies across the chemical, steel, hydroelectric, construction, and services sectors. She integrated strategic and operational roles, managing high-complexity initiatives in demanding industrial environments.<\/p><\/div><\/div><\/div><\/div><div class=\"swiper-slide swiper-slide-line-bottom  elementor-repeater-item-dc77abf\"><div class=\"wpr-extra-label\" ><span class=\"wpr-label\" >2020 - 2025<\/span><\/div><div class=\"wpr-main-line-icon wpr-icon\"><svg aria-hidden=\"true\" class=\"e-font-icon-svg e-fas-user-graduate\" viewbox=\"0 0 448 512\" xmlns=\"http:\/\/www.w3.org\/2000\/svg\"><path d=\"M319.4 320.6L224 416l-95.4-95.4C57.1 323.7 0 382.2 0 454.4v9.6c0 26.5 21.5 48 48 48h352c26.5 0 48-21.5 48-48v-9.6c0-72.2-57.1-130.7-128.6-133.8zM13.6 79.8l6.4 1.5v58.4c-7 4.2-12 11.5-12 20.3 0 8.4 4.6 15.4 11.1 19.7L3.5 242c-1.7 6.9 2.1 14 7.6 14h41.8c5.5 0 9.3-7.1 7.6-14l-15.6-62.3C51.4 175.4 56 168.4 56 160c0-8.8-5-16.1-12-20.3V87.1l66 15.9c-8.6 17.2-14 36.4-14 57 0 70.7 57.3 128 128 128s128-57.3 128-128c0-20.6-5.3-39.8-14-57l96.3-23.2c18.2-4.4 18.2-27.1 0-31.5l-190.4-46c-13-3.1-26.7-3.1-39.7 0L13.6 48.2c-18.1 4.4-18.1 27.2 0 31.6z\"><\/path><\/svg><\/div><div class=\"wpr-story-info\"><div class=\"wpr-timeline-content-wrapper\"><div class=\"wpr-description\"><p>She participated in operations for companies such as Spotless, Volvo, The Star, and Hertz, while also developing entrepreneurial initiatives. Her professional trajectory was accredited by Engineers Australia as a <em data-start=\"403\" data-end=\"436\">Professional Engineer (MIEAust),<\/em>recognizing her multicultural approach and experience in complex systems and continuous improvement.<\/p><\/div><\/div><\/div><\/div><div class=\"swiper-slide swiper-slide-line-bottom  elementor-repeater-item-528a050\"><div class=\"wpr-extra-label\" ><span class=\"wpr-label\" >2025-2026<\/span><\/div><div class=\"wpr-main-line-icon wpr-icon\"><svg aria-hidden=\"true\" class=\"e-font-icon-svg e-fas-user-check\" viewbox=\"0 0 640 512\" xmlns=\"http:\/\/www.w3.org\/2000\/svg\"><path d=\"M224 256c70.7 0 128-57.3 128-128S294.7 0 224 0 96 57.3 96 128s57.3 128 128 128zm89.6 32h-16.7c-22.2 10.2-46.9 16-72.9 16s-50.6-5.8-72.9-16h-16.7C60.2 288 0 348.2 0 422.4V464c0 26.5 21.5 48 48 48h352c26.5 0 48-21.5 48-48v-41.6c0-74.2-60.2-134.4-134.4-134.4zm323-128.4l-27.8-28.1c-4.6-4.7-12.1-4.7-16.8-.1l-104.8 104-45.5-45.8c-4.6-4.7-12.1-4.7-16.8-.1l-28.1 27.9c-4.7 4.6-4.7 12.1-.1 16.8l81.7 82.3c4.6 4.7 12.1 4.7 16.8.1l141.3-140.2c4.6-4.7 4.7-12.2.1-16.8z\"><\/path><\/svg><\/div><div class=\"wpr-story-info\"><div class=\"wpr-timeline-content-wrapper\"><div class=\"wpr-description\"><p>Following Expo Osaka, she projects her practice toward organizational transformation guided by <em data-start=\"538\" data-end=\"561\">Business Intelligence<\/em> and strategic data analytics. Her focus is on designing adaptive operational ecosystems where technology and human purpose converge to generate sustainable impact.<\/p><\/div><\/div><\/div><\/div><\/div>\n\t\t\t<!-- Add Pagination -->        \n\t\t\t<div class=\"wpr-swiper-pagination\"><\/div>\n\t\t\t<!-- Add Arrows -->\n\t\t\t<div class=\"wpr-button-prev wpr-timeline-prev-arrow wpr-timeline-prev-5536cebb\">\n\t\t\t\t<svg version=\"1.1\" xmlns=\"http:\/\/www.w3.org\/2000\/svg\" xmlns:xlink=\"http:\/\/www.w3.org\/1999\/xlink\" x=\"0px\" y=\"0px\" viewbox=\"0 0 283.4 512\" style=\"enable-background:new 0 0 283.4 512;\" xml:space=\"preserve\"><g><polygon class=\"st0\" points=\"54.5,256.3 283.4,485.1 256.1,512.5 0,256.3 0,256.3 27.2,229 256.1,0 283.4,27.4 \"\/><\/g><\/svg>\n\t\t\t<\/div>\n\t\t\t<div class=\"wpr-button-next wpr-timeline-next-arrow wpr-timeline-next-5536cebb\">\n\t\t\t\t<svg version=\"1.1\" xmlns=\"http:\/\/www.w3.org\/2000\/svg\" xmlns:xlink=\"http:\/\/www.w3.org\/1999\/xlink\" x=\"0px\" y=\"0px\" viewbox=\"0 0 283.4 512\" style=\"enable-background:new 0 0 283.4 512;\" xml:space=\"preserve\"><g><polygon class=\"st0\" points=\"54.5,256.3 283.4,485.1 256.1,512.5 0,256.3 0,256.3 27.2,229 256.1,0 283.4,27.4 \"\/><\/g><\/svg>\n\t\t\t<\/div>\n\t\t<\/div><\/div>\t\t\t\t<\/div>\n\t\t\t\t<\/div>\n\t\t\t\t\t<\/div>\n\t\t<\/div>\n\t\t\t\t\t<\/div>\n\t\t<\/section>\n\t\t\t\t<section class=\"elementor-section elementor-top-section elementor-element elementor-element-2024dad elementor-section-height-min-height elementor-section-boxed elementor-section-height-default elementor-section-items-middle wpr-particle-no wpr-jarallax-no wpr-parallax-no wpr-sticky-section-no\" data-id=\"2024dad\" data-element_type=\"section\" data-settings=\"{&quot;background_background&quot;:&quot;classic&quot;}\">\n\t\t\t\t\t\t\t<div class=\"elementor-background-overlay\"><\/div>\n\t\t\t\t\t\t\t<div class=\"elementor-container elementor-column-gap-default\">\n\t\t\t\t\t<div class=\"elementor-column elementor-col-100 elementor-top-column elementor-element elementor-element-ca12794 elementor-invisible\" data-id=\"ca12794\" data-element_type=\"column\" data-settings=\"{&quot;animation&quot;:&quot;zoomIn&quot;}\">\n\t\t\t<div class=\"elementor-widget-wrap elementor-element-populated\">\n\t\t\t\t\t\t<div class=\"elementor-element elementor-element-f4d5e63 elementor-widget elementor-widget-heading\" data-id=\"f4d5e63\" data-element_type=\"widget\" data-widget_type=\"heading.default\">\n\t\t\t\t<div class=\"elementor-widget-container\">\n\t\t\t\t\t<h2 class=\"elementor-heading-title elementor-size-default\">DO YOU HAVE AN IDEA IN MIND OR NEED ADVICE?<\/h2>\t\t\t\t<\/div>\n\t\t\t\t<\/div>\n\t\t\t\t<div class=\"elementor-element elementor-element-7ac6f23 elementor-mobile-align-center elementor-align-center elementor-widget elementor-widget-button\" data-id=\"7ac6f23\" data-element_type=\"widget\" data-widget_type=\"button.default\">\n\t\t\t\t<div class=\"elementor-widget-container\">\n\t\t\t\t\t\t\t\t\t<div class=\"elementor-button-wrapper\">\n\t\t\t\t\t<a class=\"elementor-button elementor-button-link elementor-size-sm\" href=\"https:\/\/paolaserrano.com\/en\/contacto\/\">\n\t\t\t\t\t\t<span class=\"elementor-button-content-wrapper\">\n\t\t\t\t\t\t<span class=\"elementor-button-icon\">\n\t\t\t\t<svg aria-hidden=\"true\" class=\"e-font-icon-svg e-fas-long-arrow-alt-right\" viewbox=\"0 0 448 512\" xmlns=\"http:\/\/www.w3.org\/2000\/svg\"><path d=\"M313.941 216H12c-6.627 0-12 5.373-12 12v56c0 6.627 5.373 12 12 12h301.941v46.059c0 21.382 25.851 32.09 40.971 16.971l86.059-86.059c9.373-9.373 9.373-24.569 0-33.941l-86.059-86.059c-15.119-15.119-40.971-4.411-40.971 16.971V216z\"><\/path><\/svg>\t\t\t<\/span>\n\t\t\t\t\t\t\t\t\t<span class=\"elementor-button-text\">Contact me<\/span>\n\t\t\t\t\t<\/span>\n\t\t\t\t\t<\/a>\n\t\t\t\t<\/div>\n\t\t\t\t\t\t\t\t<\/div>\n\t\t\t\t<\/div>\n\t\t\t\t\t<\/div>\n\t\t<\/div>\n\t\t\t\t\t<\/div>\n\t\t<\/section>\n\t\t\t\t<\/div>","protected":false},"excerpt":{"rendered":"<p>DONDE LA TECNOLOG\u00cdA Y LA HUMANIDAD SE FUSIONAN Conecto tecnolog\u00eda, datos y cultura para transformar organizaciones que no solo funcionan mejor \u2014 se vuelven m\u00e1s humanas. SOBRE PAOLA Ingeniera Profesional especializada en liderar programas de transformaci\u00f3n que integran reingenier\u00eda de procesos y sistemas, anal\u00edtica de datos, y gesti\u00f3n del cambio para crear organizaciones adaptativas y sostenibles. Con m\u00e1s de una d\u00e9cada de experiencia internacional en Colombia, Australia y Jap\u00f3n, ha participado en iniciativas complejas en sectores industriales, operaciones de gran escala, hospitalidad y eventos globales \u2014 comprendiendo que los desaf\u00edos organizacionales m\u00e1s complejos no son t\u00e9cnicos, sino sist\u00e9micos, culturales y humanos. Su enfoque combina rigor ingenieril con inteligencia cultural: no solo dise\u00f1a soluciones tecnol\u00f3gicas, lidera transformaciones completas \u2014 desde la estrategia hasta la adopci\u00f3n \u2014 asegurando que cada iniciativa genere valor medible y sostenible. En 2025, fue seleccionada para el Co-Creation Challenge Team en Expo Osaka \u2014 la feria de innovaci\u00f3n m\u00e1s influyente del mundo \u2014 contribuyendo a proyectos de Sociedad 5.0 alineados con los Objetivos de Desarrollo Sostenible de la ONU. Cuenta con formaci\u00f3n en Inteligencia Artificial para Negocios y Liderazgo Remoto (HBS), Gesti\u00f3n de Proyectos y Programas, Anal\u00edtica de Datos y Business Intelligence para decisiones estrat\u00e9gicas. Su prop\u00f3sito: Crear futuros donde los sistemas generan claridad, los equipos conectan y el prop\u00f3sito escala. TRAYECTORIA GLOBAL 2010 &#8211; 2016 Desarroll\u00f3 capacidades en gesti\u00f3n contractual, an\u00e1lisis de procesos y gesti\u00f3n integral del riesgo en sectores p\u00fablico y privado. Esta etapa fortaleci\u00f3 su comprensi\u00f3n de estructuras organizacionales complejas, cumplimiento y confiabilidad operativa, sentando las bases de su visi\u00f3n sist\u00e9mica. 2016-2019 Como Ingeniera Industrial, lider\u00f3 operaciones y proyectos para multinacionales en sectores qu\u00edmico, sider\u00fargico, hidroel\u00e9ctrico, construcci\u00f3n y servicios. Integr\u00f3 roles estrat\u00e9gicos y operativos, gestionando iniciativas de alta complejidad en entornos industriales exigentes. 2020 &#8211; 2025 Particip\u00f3 en operaciones para compa\u00f1\u00edas como Spotless, Volvo, The Star y Hertz, adem\u00e1s de desarrollar iniciativa emprendedora. Su trayectoria fue acreditada por Engineers Australia como Professional Engineer (MIEAust), reconociendo su enfoque multicultural y su experiencia en sistemas complejos y mejora continua. 2025-2026 Tras Expo Osaka, proyecta su pr\u00e1ctica hacia la transformaci\u00f3n organizacional guiada por Business Intelligence y anal\u00edtica estrat\u00e9gica de datos. Su enfoque se orienta al dise\u00f1o de ecosistemas operativos adaptativos, donde la tecnolog\u00eda y el prop\u00f3sito humano convergen para generar impacto sostenible \u00bfTIENES UNA IDEA EN MENTE O NECESITAS ASESOR\u00cdA? Cont\u00e1ctame<\/p>","protected":false},"author":1,"featured_media":0,"parent":0,"menu_order":0,"comment_status":"closed","ping_status":"closed","template":"","meta":{"site-sidebar-layout":"no-sidebar","site-content-layout":"page-builder","ast-site-content-layout":"","site-content-style":"default","site-sidebar-style":"default","ast-global-header-display":"","ast-banner-title-visibility":"","ast-main-header-display":"","ast-hfb-above-header-display":"","ast-hfb-below-header-display":"","ast-hfb-mobile-header-display":"","site-post-title":"disabled","ast-breadcrumbs-content":"","ast-featured-img":"disabled","footer-sml-layout":"","theme-transparent-header-meta":"enabled","adv-header-id-meta":"","stick-header-meta":"","header-above-stick-meta":"","header-main-stick-meta":"","header-below-stick-meta":"","astra-migrate-meta-layouts":"default","ast-page-background-enabled":"default","ast-page-background-meta":{"desktop":{"background-color":"","background-image":"","background-repeat":"repeat","background-position":"center center","background-size":"auto","background-attachment":"scroll","background-type":"","background-media":"","overlay-type":"","overlay-color":"","overlay-opacity":"","overlay-gradient":""},"tablet":{"background-color":"","background-image":"","background-repeat":"repeat","background-position":"center center","background-size":"auto","background-attachment":"scroll","background-type":"","background-media":"","overlay-type":"","overlay-color":"","overlay-opacity":"","overlay-gradient":""},"mobile":{"background-color":"","background-image":"","background-repeat":"repeat","background-position":"center center","background-size":"auto","background-attachment":"scroll","background-type":"","background-media":"","overlay-type":"","overlay-color":"","overlay-opacity":"","overlay-gradient":""}},"ast-content-background-meta":{"desktop":{"background-color":"var(--ast-global-color-5)","background-image":"","background-repeat":"repeat","background-position":"center center","background-size":"auto","background-attachment":"scroll","background-type":"","background-media":"","overlay-type":"","overlay-color":"","overlay-opacity":"","overlay-gradient":""},"tablet":{"background-color":"var(--ast-global-color-5)","background-image":"","background-repeat":"repeat","background-position":"center center","background-size":"auto","background-attachment":"scroll","background-type":"","background-media":"","overlay-type":"","overlay-color":"","overlay-opacity":"","overlay-gradient":""},"mobile":{"background-color":"var(--ast-global-color-5)","background-image":"","background-repeat":"repeat","background-position":"center center","background-size":"auto","background-attachment":"scroll","background-type":"","background-media":"","overlay-type":"","overlay-color":"","overlay-opacity":"","overlay-gradient":""}},"footnotes":""},"class_list":["post-1184","page","type-page","status-publish","hentry"],"_links":{"self":[{"href":"https:\/\/paolaserrano.com\/en\/wp-json\/wp\/v2\/pages\/1184","targetHints":{"allow":["GET"]}}],"collection":[{"href":"https:\/\/paolaserrano.com\/en\/wp-json\/wp\/v2\/pages"}],"about":[{"href":"https:\/\/paolaserrano.com\/en\/wp-json\/wp\/v2\/types\/page"}],"author":[{"embeddable":true,"href":"https:\/\/paolaserrano.com\/en\/wp-json\/wp\/v2\/users\/1"}],"replies":[{"embeddable":true,"href":"https:\/\/paolaserrano.com\/en\/wp-json\/wp\/v2\/comments?post=1184"}],"version-history":[{"count":325,"href":"https:\/\/paolaserrano.com\/en\/wp-json\/wp\/v2\/pages\/1184\/revisions"}],"predecessor-version":[{"id":3521,"href":"https:\/\/paolaserrano.com\/en\/wp-json\/wp\/v2\/pages\/1184\/revisions\/3521"}],"wp:attachment":[{"href":"https:\/\/paolaserrano.com\/en\/wp-json\/wp\/v2\/media?parent=1184"}],"curies":[{"name":"wp","href":"https:\/\/api.w.org\/{rel}","templated":true}]}}